{"id":1022,"date":"2023-09-01T19:03:13","date_gmt":"2023-09-01T19:03:13","guid":{"rendered":"https:\/\/ncmedhelp.org\/?page_id=1022"},"modified":"2024-05-06T17:01:55","modified_gmt":"2024-05-06T17:01:55","slug":"medicaid-canceled","status":"publish","type":"page","link":"https:\/\/ncmedhelp.org\/es\/resources\/medicaid-canceled\/","title":{"rendered":"\u00bfMedicaid cancelado?"},"content":{"rendered":"<div class=\"wp-block-uagb-container uagb-block-cc804f33 alignwide uagb-is-root-container\">\n<div class=\"wp-block-uagb-advanced-heading uagb-block-8464eb37\"><h1 class=\"uagb-heading-text\">\u00bfMedicaid cancelado?<\/h1><\/div>\n<\/div>\n\n\n\n<div class=\"wp-block-uagb-container uagb-block-86e0a8f0 alignwide uagb-is-root-container\">\n<div class=\"wp-block-uagb-container uagb-block-dfa8c728\">\n<div class=\"wp-block-uagb-advanced-heading uagb-block-2c6f38f5\"><h2 class=\"uagb-heading-text\"><strong>\u00bfQu\u00e9 puedo hacer si se cancela mi Medicaid? <\/strong><\/h2><\/div>\n\n\n\n<div class=\"wp-block-uagb-advanced-heading uagb-block-7380aa2a\"><h3 class=\"uagb-heading-text\">Tiene derecho a preguntar por qu\u00e9 se cancel\u00f3 su Medicaid y si puede obtener cobertura nuevamente. <\/h3><\/div>\n<\/div>\n<\/div>\n\n\n\n<div class=\"wp-block-uagb-container uagb-block-b173d04a alignfull uagb-is-root-container\"><div class=\"uagb-container-inner-blocks-wrap\">\n<p>Si recibi\u00f3 una carta que indica que su Medicaid ha sido cancelado o su cobertura ha sido reducida, puede solicitar \u201cuna apelaci\u00f3n\u201d. Una apelaci\u00f3n es su forma de preguntarle al estado por qu\u00e9 se cancel\u00f3 su cobertura y si puede volver a obtenerla.<\/p>\n\n\n\n<p>Siga estos pasos para realizar su apelaci\u00f3n:<\/p>\n<\/div><\/div>\n\n\n\n<div class=\"wp-block-uagb-container uagb-block-376f14ff alignfull uagb-is-root-container\"><div class=\"uagb-container-inner-blocks-wrap\">\n<div class=\"wp-block-uagb-container uagb-block-ff82827b\">\n<div class=\"wp-block-uagb-info-box uagb-block-17909984 uagb-infobox__content-wrap  uagb-infobox-icon-above-title uagb-infobox-image-valign-top\"><div class=\"uagb-ifb-content\"><div class=\"uagb-ifb-title-wrap\"><h3 class=\"uagb-ifb-title\">1.<\/h3><\/div><p class=\"uagb-ifb-desc\"><strong>Comun\u00edquese con su agencia local de servicios sociales de inmediato.<\/strong> Solo tiene 60 d\u00edas, o menos de 2 meses, para apelar su Medicaid cancelado. Tome medidas inmediatamente despu\u00e9s de recibir una carta. Si solicita una audiencia dentro de los 10 d\u00edas posteriores a la recepci\u00f3n de su carta, puede continuar recibiendo beneficios hasta que se tome la decisi\u00f3n de la primera audiencia. Encuentre su agencia local de servicios sociales en <a href=\"https:\/\/www.ncdhhs.gov\/localDSS\" target=\"_blank\" rel=\"noreferrer noopener\">ncdhhs.gov\/localDSS<\/a>.&nbsp;<\/p><\/div><\/div>\n<\/div>\n\n\n\n<div class=\"wp-block-uagb-container uagb-block-9e6afb84\">\n<div class=\"wp-block-uagb-info-box uagb-block-884c0278 uagb-infobox__content-wrap  uagb-infobox-icon-above-title uagb-infobox-image-valign-top\"><div class=\"uagb-ifb-content\"><div class=\"uagb-ifb-title-wrap\"><h3 class=\"uagb-ifb-title\">2. <\/h3><\/div><p class=\"uagb-ifb-desc\"><strong>Solicitar una audiencia.<\/strong> D\u00edgale a su asistente social del DSS que est\u00e1 solicitando una audiencia. Para obtener ayuda gratuita en su audiencia, visite NCmedHelp.org y haga clic en &quot;<a href=\"https:\/\/ncmedhelp.org\/es\/legal-services\/\" data-type=\"page\" data-id=\"801\">Obtenga servicios legales<\/a>\u201d para obtener informaci\u00f3n sobre las firmas de abogados sin fines de lucro en su \u00e1rea.<\/p><\/div><\/div>\n<\/div>\n\n\n\n<div class=\"wp-block-uagb-container uagb-block-e453cf6f\">\n<div class=\"wp-block-uagb-info-box uagb-block-2c0b1442 uagb-infobox__content-wrap  uagb-infobox-icon-above-title uagb-infobox-image-valign-top\"><div class=\"uagb-ifb-content\"><div class=\"uagb-ifb-title-wrap\"><h3 class=\"uagb-ifb-title\">3.<\/h3><\/div><p class=\"uagb-ifb-desc\"><strong>Consigue ayuda.<\/strong> Visite NCmedHelp.com para encontrar ayuda legal local GRATUITA para su cobertura de Medicaid. Si usted<br>Si cree que DSS fue injusto o viol\u00f3 sus derechos en el proceso de renovaci\u00f3n de Medicaid, puede llamar al 1-800-936-4971 o enviar un correo electr\u00f3nico. <a href=\"mailto:hawkinsinfo@charlottelegaladvocacy.org\">hawkinsinfo@charlottelegaladvocacy.org<\/a> para denunciar una infracci\u00f3n.<\/p><\/div><\/div>\n<\/div>\n<\/div><\/div>\n\n\n\n<div class=\"wp-block-uagb-container uagb-block-1ae330af alignfull uagb-is-root-container\">\n<div class=\"wp-block-uagb-container uagb-block-0394d87b\">\n<h3 class=\"wp-block-heading has-text-align-center\">Descargue un folleto imprimible<\/h3>\n\n\n\n<figure class=\"wp-block-image aligncenter size-full\"><a href=\"https:\/\/ncmedhelp.org\/wp-content\/uploads\/2023\/10\/NCMedHelp_Eng_FlyerSeries_V5.pdf\" target=\"_blank\" rel=\"noreferrer noopener\"><img loading=\"lazy\" decoding=\"async\" width=\"234\" height=\"300\" src=\"https:\/\/ncmedhelp.org\/wp-content\/uploads\/2023\/10\/NCMedHelp_Eng_FlyerSeries_V5_thumb.jpg\" alt=\"\" class=\"wp-image-1075\" srcset=\"https:\/\/ncmedhelp.org\/wp-content\/uploads\/2023\/10\/NCMedHelp_Eng_FlyerSeries_V5_thumb.jpg 234w, https:\/\/ncmedhelp.org\/wp-content\/uploads\/2023\/10\/NCMedHelp_Eng_FlyerSeries_V5_thumb-9x12.jpg 9w\" sizes=\"auto, (max-width: 234px) 100vw, 234px\" \/><\/a><\/figure>\n<\/div>\n\n\n\n<div class=\"wp-block-uagb-container uagb-block-1f41b42c\">\n<div class=\"inherit-container-width wp-block-group alignfull has-text-color is-layout-constrained wp-block-group-is-layout-constrained\" style=\"color:#000000\">\n<div style=\"height:64px\" aria-hidden=\"true\" class=\"wp-block-spacer\"><\/div>\n\n\n\n<p class=\"has-text-align-center has-small-font-size\" style=\"line-height:.9\"><strong>\u00bfA\u00fan tienes preguntas?<\/strong><\/p>\n\n\n\n<h2 class=\"wp-block-heading has-text-align-center\" id=\"schedule-a-visit\" style=\"font-size:59px;line-height:1.15\"><strong>Cont\u00e1ctenos para obtener ayuda<\/strong><\/h2>\n\n\n\n<div class=\"wp-block-buttons has-custom-font-size has-medium-font-size is-horizontal is-content-justification-center is-layout-flex wp-container-core-buttons-is-layout-ecd33c62 wp-block-buttons-is-layout-flex\">\n<div class=\"wp-block-button has-custom-width wp-block-button__width-50 has-custom-font-size has-small-font-size\"><a class=\"wp-block-button__link has-ast-global-color-0-background-color has-text-color has-background wp-element-button\" href=\"https:\/\/ncmedhelp.org\/es\/legal-services\/\" style=\"border-radius:50px;color:#ffffff;padding-top:var(--wp--preset--spacing--30);padding-right:var(--wp--preset--spacing--20);padding-bottom:var(--wp--preset--spacing--30);padding-left:var(--wp--preset--spacing--20)\">Cont\u00e1ctenos<\/a><\/div>\n<\/div>\n\n\n\n<div style=\"height:64px\" aria-hidden=\"true\" class=\"wp-block-spacer\"><\/div>\n<\/div>\n<\/div>\n<\/div>","protected":false},"excerpt":{"rendered":"<p>\u00bfMe cancelaron Medicaid? \u00bfQu\u00e9 puedo hacer si me cancelaron Medicaid? Tiene derecho a preguntar por qu\u00e9 se cancel\u00f3 su Medicaid y si puede recuperar su cobertura. Si recibi\u00f3 una carta indicando que su Medicaid fue cancelado o que su cobertura fue reducida, puede solicitar una apelaci\u00f3n. Una apelaci\u00f3n [\u2026]<\/p>","protected":false},"author":1,"featured_media":0,"parent":1012,"menu_order":0,"comment_status":"closed","ping_status":"closed","template":"","meta":{"om_disable_all_campaigns":false,"_uag_custom_page_level_css":"","_monsterinsights_skip_tracking":false,"_monsterinsights_sitenote_active":false,"_monsterinsights_sitenote_note":"","_monsterinsights_sitenote_category":0,"site-sidebar-layout":"no-sidebar","site-content-layout":"page-builder","ast-site-content-layout":"","site-content-style":"default","site-sidebar-style":"default","ast-global-header-display":"","ast-banner-title-visibility":"","ast-main-header-display":"","ast-hfb-above-header-display":"","ast-hfb-below-header-display":"","ast-hfb-mobile-header-display":"","site-post-title":"disabled","ast-breadcrumbs-content":"","ast-featured-img":"disabled","footer-sml-layout":"","theme-transparent-header-meta":"enabled","adv-header-id-meta":"","stick-header-meta":"","header-above-stick-meta":"","header-main-stick-meta":"","header-below-stick-meta":"","astra-migrate-meta-layouts":"default","ast-page-background-enabled":"default","ast-page-background-meta":{"desktop":{"background-color":"var(--ast-global-color-4)","background-image":"","background-repeat":"repeat","background-position":"center center","background-size":"auto","background-attachment":"scroll","background-type":"","background-media":"","overlay-type":"","overlay-color":"","overlay-opacity":"","overlay-gradient":""},"tablet":{"background-color":"","background-image":"","background-repeat":"repeat","background-position":"center center","background-size":"auto","background-attachment":"scroll","background-type":"","background-media":"","overlay-type":"","overlay-color":"","overlay-opacity":"","overlay-gradient":""},"mobile":{"background-color":"","background-image":"","background-repeat":"repeat","background-position":"center center","background-size":"auto","background-attachment":"scroll","background-type":"","background-media":"","overlay-type":"","overlay-color":"","overlay-opacity":"","overlay-gradient":""}},"ast-content-background-meta":{"desktop":{"background-color":"var(--ast-global-color-5)","background-image":"","background-repeat":"repeat","background-position":"center center","background-size":"auto","background-attachment":"scroll","background-type":"","background-media":"","overlay-type":"","overlay-color":"","overlay-opacity":"","overlay-gradient":""},"tablet":{"background-color":"var(--ast-global-color-5)","background-image":"","background-repeat":"repeat","background-position":"center center","background-size":"auto","background-attachment":"scroll","background-type":"","background-media":"","overlay-type":"","overlay-color":"","overlay-opacity":"","overlay-gradient":""},"mobile":{"background-color":"var(--ast-global-color-5)","background-image":"","background-repeat":"repeat","background-position":"center center","background-size":"auto","background-attachment":"scroll","background-type":"","background-media":"","overlay-type":"","overlay-color":"","overlay-opacity":"","overlay-gradient":""}},"footnotes":""},"class_list":["post-1022","page","type-page","status-publish","hentry"],"aioseo_notices":[],"jetpack_sharing_enabled":true,"uagb_featured_image_src":{"full":false,"thumbnail":false,"medium":false,"medium_large":false,"large":false,"1536x1536":false,"2048x2048":false,"trp-custom-language-flag":false},"uagb_author_info":{"display_name":"ncmedhelp_bscwlz","author_link":"https:\/\/ncmedhelp.org\/es\/author\/ncmedhelp_bscwlz\/"},"uagb_comment_info":0,"uagb_excerpt":"Medicaid Canceled? What can I do if my Medicaid is canceled? You have the right to ask why your Medicaid was canceled and if you can get coverage again. If you received a letter stating that your Medicaid has been canceled or your coverage has been reduced, you can ask for \u201can appeal.\u201d An appeal&hellip;","_links":{"self":[{"href":"https:\/\/ncmedhelp.org\/es\/wp-json\/wp\/v2\/pages\/1022","targetHints":{"allow":["GET"]}}],"collection":[{"href":"https:\/\/ncmedhelp.org\/es\/wp-json\/wp\/v2\/pages"}],"about":[{"href":"https:\/\/ncmedhelp.org\/es\/wp-json\/wp\/v2\/types\/page"}],"author":[{"embeddable":true,"href":"https:\/\/ncmedhelp.org\/es\/wp-json\/wp\/v2\/users\/1"}],"replies":[{"embeddable":true,"href":"https:\/\/ncmedhelp.org\/es\/wp-json\/wp\/v2\/comments?post=1022"}],"version-history":[{"count":0,"href":"https:\/\/ncmedhelp.org\/es\/wp-json\/wp\/v2\/pages\/1022\/revisions"}],"up":[{"embeddable":true,"href":"https:\/\/ncmedhelp.org\/es\/wp-json\/wp\/v2\/pages\/1012"}],"wp:attachment":[{"href":"https:\/\/ncmedhelp.org\/es\/wp-json\/wp\/v2\/media?parent=1022"}],"curies":[{"name":"wp","href":"https:\/\/api.w.org\/{rel}","templated":true}]}}