{"id":1091,"date":"2023-12-13T19:07:14","date_gmt":"2023-12-13T19:07:14","guid":{"rendered":"https:\/\/ncmedhelp.org\/?page_id=1091"},"modified":"2026-02-24T22:30:53","modified_gmt":"2026-02-24T22:30:53","slug":"new-to-medicaid","status":"publish","type":"page","link":"https:\/\/ncmedhelp.org\/es\/resources\/new-to-medicaid\/","title":{"rendered":"Nuevo en Medicaid"},"content":{"rendered":"<div class=\"wp-block-uagb-container uagb-block-db6a899c alignwide uagb-is-root-container\">\n<div class=\"wp-block-uagb-advanced-heading uagb-block-7ab1fcd3\"><h1 class=\"uagb-heading-text\"><strong>\u00bfEs usted nuevo en Medicaid?<\/strong><\/h1><\/div>\n<\/div>\n\n\n\n<div class=\"wp-block-uagb-container uagb-block-80dc4cba alignwide uagb-is-root-container\">\n<div class=\"wp-block-uagb-container uagb-block-bea12f99\">\n<div class=\"wp-block-uagb-advanced-heading uagb-block-1e5b9c9d\"><h2 class=\"uagb-heading-text\"><strong>C\u00f3mo utilizar su plan Medicaid para obtener atenci\u00f3n m\u00e9dica <\/strong><\/h2><\/div>\n<\/div>\n<\/div>\n\n\n\n<div class=\"wp-block-uagb-container uagb-block-37a50187 alignfull uagb-is-root-container\"><div class=\"uagb-container-inner-blocks-wrap\">\n<div class=\"wp-block-uagb-container uagb-block-2c479566\">\n<p>Ahora que se ha inscrito en Medicaid, debe elegir un plan de salud y un m\u00e9dico. Debe tener un plan de salud y un m\u00e9dico antes de poder recibir servicios cubiertos, como visitas al consultorio, an\u00e1lisis de sangre y radiograf\u00edas. <\/p>\n\n\n\n<p>Hay muchas maneras de obtener informaci\u00f3n sobre los planes de salud y los m\u00e9dicos: <\/p>\n\n\n\n<ul class=\"wp-block-list\">\n<li><strong>POR TEL\u00c9FONO<\/strong>: Llame al agente de inscripci\u00f3n de Medicaid de Carolina del Norte al 833-870-5500<\/li>\n\n\n\n<li><strong>EN L\u00cdNEA<\/strong>: Visita <a href=\"http:\/\/ncmedicaidplans.gov\/\" target=\"_blank\" rel=\"noreferrer noopener\">ncmedicaidplans.gov<\/a><\/li>\n\n\n\n<li><strong>POR CORREO<\/strong>: Complete el formulario de inscripci\u00f3n en papel que recibi\u00f3 en su paquete de inscripci\u00f3n y devu\u00e9lvalo por correo o por fax. <\/li>\n\n\n\n<li><strong>APLICACI\u00d3N MOVIL<\/strong>: Utilice la aplicaci\u00f3n m\u00f3vil NC Medicaid Managed Care para <a href=\"https:\/\/play.google.com\/store\/apps\/details?id=com.maximus.enrollment.nc&amp;hl=en_US&amp;gl=US&amp;pli=1\" target=\"_blank\" rel=\"noreferrer noopener\">Androide<\/a> o <a href=\"https:\/\/apps.apple.com\/us\/app\/nc-medicaid-managed-care\/id1465910986\" target=\"_blank\" rel=\"noreferrer noopener\">iPhone<\/a>.<\/li>\n<\/ul>\n\n\n\n<p>Si no selecciona un plan, no se preocupe: Medicaid elegir\u00e1 un plan de salud y un m\u00e9dico por usted. <a href=\"https:\/\/ncmedicaidplans.gov\/en\/benefits-and-services\">&nbsp;Lea una lista completa de los servicios cubiertos por su plan de Medicaid.<\/a><\/p>\n<\/div>\n\n\n\n<div class=\"wp-block-uagb-container uagb-block-e10a9428\">\n<h3 class=\"wp-block-heading\">\u00bfTiene preguntas sobre c\u00f3mo utilizar sus beneficios de Medicaid o tiene problemas para acceder a la atenci\u00f3n?<\/h3>\n\n\n\n<p>Comun\u00edquese con nuestros expertos especialistas en resoluci\u00f3n de beneficios de salud al <strong>855-972-4357 (AYUDA)<\/strong> \u00a1Para recibir asistencia gratuita hoy!<\/p>\n<\/div>\n<\/div><\/div>\n\n\n\n<div class=\"wp-block-uagb-container uagb-block-505d03a9 alignfull uagb-is-root-container\"><div class=\"uagb-container-inner-blocks-wrap\">\n<div class=\"wp-block-uagb-container uagb-block-9340f94b\">\n<p>Una vez que tenga un plan de salud y un m\u00e9dico, Medicaid le enviar\u00e1 por correo una carta de bienvenida y su tarjeta de identificaci\u00f3n de Medicaid. Muchos planes tambi\u00e9n le permiten ver o imprimir una tarjeta electr\u00f3nica desde una cuenta en l\u00ednea.<\/p>\n<\/div>\n\n\n\n<div class=\"wp-block-uagb-container uagb-block-8ad76e8d\">\n<p>A continuaci\u00f3n le explicamos c\u00f3mo utilizar su tarjeta de Medicaid para obtener atenci\u00f3n m\u00e9dica:&nbsp;<\/p>\n\n\n\n<ol class=\"wp-block-list\">\n<li>Lleve la tarjeta al m\u00e9dico o farmac\u00e9utico para que puedan verificar su elegibilidad.<\/li>\n\n\n\n<li>Mant\u00e9n tu informaci\u00f3n actualizada. Aseg\u00farate de contactar con tu local <a href=\"https:\/\/www.ncdhhs.gov\/divisions\/social-services\/local-dss-directory\" target=\"_blank\" rel=\"noreferrer noopener\">Departamento de Servicios Sociales<\/a> si algo cambia, como su direcci\u00f3n o cabeza de familia.<\/li>\n<\/ol>\n<\/div>\n\n\n\n<div class=\"wp-block-uagb-container uagb-block-a3256e47\">\n<p>Mant\u00e9n tu informaci\u00f3n actualizada. Aseg\u00farate de contactar con tu local<a href=\"https:\/\/www.ncdhhs.gov\/divisions\/social-services\/local-dss-directory\"> Departamento de Servicios Sociales<\/a> si algo cambia, como su direcci\u00f3n o cabeza de familia.<\/p>\n<\/div>\n<\/div><\/div>\n\n\n\n<p class=\"has-text-align-center\"><strong>Hay ayuda gratuita disponible en todo Carolina del Norte. Solicite asistencia legal y conozca sus derechos seg\u00fan NC Medicaid <a href=\"https:\/\/ncmedhelp.org\/es\/legal-services\/\" data-type=\"page\" data-id=\"801\">contact\u00e1ndonos hoy <\/a>:<\/strong><\/p>\n\n\n\n<div class=\"wp-block-uagb-container uagb-block-f6ba1657 alignfull uagb-is-root-container\"><div class=\"uagb-container-inner-blocks-wrap\">\n<div class=\"wp-block-uagb-container uagb-block-edaa2092\">\n<h3 class=\"wp-block-heading has-text-align-center\">Descargue un folleto imprimible<\/h3>\n\n\n\n<div class=\"wp-block-uagb-container uagb-block-cf97c675\">\n<figure class=\"wp-block-image aligncenter size-full\"><a href=\"https:\/\/ncmedhelp.org\/wp-content\/uploads\/2024\/05\/NCMedHelp_Eng_FlyerSeries3_V2B.pdf\" target=\"_blank\" rel=\"noreferrer noopener\"><img loading=\"lazy\" decoding=\"async\" width=\"598\" height=\"766\" src=\"https:\/\/ncmedhelp.org\/wp-content\/uploads\/2024\/05\/NCMedHelp_Eng_FlyerSeries3_V2B-1.webp\" alt=\"\" class=\"wp-image-1151\" srcset=\"https:\/\/ncmedhelp.org\/wp-content\/uploads\/2024\/05\/NCMedHelp_Eng_FlyerSeries3_V2B-1.webp 598w, https:\/\/ncmedhelp.org\/wp-content\/uploads\/2024\/05\/NCMedHelp_Eng_FlyerSeries3_V2B-1-234x300.webp 234w, https:\/\/ncmedhelp.org\/wp-content\/uploads\/2024\/05\/NCMedHelp_Eng_FlyerSeries3_V2B-1-9x12.webp 9w\" sizes=\"auto, (max-width: 598px) 100vw, 598px\" \/><\/a><figcaption class=\"wp-element-caption\">Descargue el folleto en PDF \u2013 Ingl\u00e9s<\/figcaption><\/figure>\n\n\n\n<figure class=\"wp-block-image aligncenter size-full\"><img loading=\"lazy\" decoding=\"async\" width=\"598\" height=\"763\" src=\"https:\/\/ncmedhelp.org\/wp-content\/uploads\/2024\/05\/NCMedHelp_SP_Flyer_NewToMedicaid.webp\" alt=\"\" class=\"wp-image-1144\" srcset=\"https:\/\/ncmedhelp.org\/wp-content\/uploads\/2024\/05\/NCMedHelp_SP_Flyer_NewToMedicaid.webp 598w, https:\/\/ncmedhelp.org\/wp-content\/uploads\/2024\/05\/NCMedHelp_SP_Flyer_NewToMedicaid-235x300.webp 235w, https:\/\/ncmedhelp.org\/wp-content\/uploads\/2024\/05\/NCMedHelp_SP_Flyer_NewToMedicaid-9x12.webp 9w\" sizes=\"auto, (max-width: 598px) 100vw, 598px\" \/><figcaption class=\"wp-element-caption\">Descargue el folleto en PDF \u2013 Espa\u00f1ol<\/figcaption><\/figure>\n<\/div>\n<\/div>\n\n\n\n<div class=\"wp-block-uagb-container uagb-block-b51e0652\">\n<div class=\"inherit-container-width wp-block-group alignfull has-text-color is-layout-constrained wp-block-group-is-layout-constrained\" style=\"color:#000000\">\n<div style=\"height:64px\" aria-hidden=\"true\" class=\"wp-block-spacer\"><\/div>\n\n\n\n<p class=\"has-text-align-center has-small-font-size\" style=\"line-height:.9\"><strong>\u00bfA\u00fan tienes preguntas?<\/strong><\/p>\n\n\n\n<h2 class=\"wp-block-heading has-text-align-center\" id=\"schedule-a-visit\" style=\"font-size:59px;line-height:1.15\"><strong>Cont\u00e1ctenos para obtener ayuda<\/strong><\/h2>\n\n\n\n<div class=\"wp-block-buttons has-custom-font-size has-medium-font-size is-horizontal is-content-justification-center is-layout-flex wp-container-core-buttons-is-layout-ecd33c62 wp-block-buttons-is-layout-flex\">\n<div class=\"wp-block-button has-custom-width wp-block-button__width-50\"><a class=\"wp-block-button__link has-ast-global-color-0-background-color has-text-color has-background has-small-font-size has-custom-font-size wp-element-button\" href=\"https:\/\/ncmedhelp.org\/es\/legal-services\/\" style=\"border-radius:50px;color:#ffffff;padding-top:var(--wp--preset--spacing--30);padding-right:var(--wp--preset--spacing--20);padding-bottom:var(--wp--preset--spacing--30);padding-left:var(--wp--preset--spacing--20)\">Cont\u00e1ctenos<\/a><\/div>\n<\/div>\n\n\n\n<div style=\"height:64px\" aria-hidden=\"true\" class=\"wp-block-spacer\"><\/div>\n<\/div>\n<\/div>\n<\/div><\/div>","protected":false},"excerpt":{"rendered":"<p>\u00bfEs nuevo en Medicaid? C\u00f3mo usar su plan de Medicaid para obtener atenci\u00f3n m\u00e9dica. Ahora que se ha inscrito en Medicaid, debe elegir un plan de salud y un m\u00e9dico. Debe tener un plan de salud y un m\u00e9dico antes de poder acceder a servicios cubiertos, como consultas m\u00e9dicas, an\u00e1lisis de sangre y radiograf\u00edas. Hay muchas maneras [\u2026]<\/p>","protected":false},"author":1,"featured_media":0,"parent":1012,"menu_order":0,"comment_status":"closed","ping_status":"closed","template":"","meta":{"om_disable_all_campaigns":false,"_uag_custom_page_level_css":"","_monsterinsights_skip_tracking":false,"_monsterinsights_sitenote_active":false,"_monsterinsights_sitenote_note":"","_monsterinsights_sitenote_category":0,"site-sidebar-layout":"no-sidebar","site-content-layout":"page-builder","ast-site-content-layout":"full-width-container","site-content-style":"unboxed","site-sidebar-style":"unboxed","ast-global-header-display":"","ast-banner-title-visibility":"","ast-main-header-display":"","ast-hfb-above-header-display":"","ast-hfb-below-header-display":"","ast-hfb-mobile-header-display":"","site-post-title":"disabled","ast-breadcrumbs-content":"","ast-featured-img":"disabled","footer-sml-layout":"","theme-transparent-header-meta":"enabled","adv-header-id-meta":"","stick-header-meta":"","header-above-stick-meta":"","header-main-stick-meta":"","header-below-stick-meta":"","astra-migrate-meta-layouts":"set","ast-page-background-enabled":"default","ast-page-background-meta":{"desktop":{"background-color":"var(--ast-global-color-4)","background-image":"","background-repeat":"repeat","background-position":"center center","background-size":"auto","background-attachment":"scroll","background-type":"","background-media":"","overlay-type":"","overlay-color":"","overlay-opacity":"","overlay-gradient":""},"tablet":{"background-color":"","background-image":"","background-repeat":"repeat","background-position":"center center","background-size":"auto","background-attachment":"scroll","background-type":"","background-media":"","overlay-type":"","overlay-color":"","overlay-opacity":"","overlay-gradient":""},"mobile":{"background-color":"","background-image":"","background-repeat":"repeat","background-position":"center center","background-size":"auto","background-attachment":"scroll","background-type":"","background-media":"","overlay-type":"","overlay-color":"","overlay-opacity":"","overlay-gradient":""}},"ast-content-background-meta":{"desktop":{"background-color":"var(--ast-global-color-5)","background-image":"","background-repeat":"repeat","background-position":"center center","background-size":"auto","background-attachment":"scroll","background-type":"","background-media":"","overlay-type":"","overlay-color":"","overlay-opacity":"","overlay-gradient":""},"tablet":{"background-color":"var(--ast-global-color-5)","background-image":"","background-repeat":"repeat","background-position":"center center","background-size":"auto","background-attachment":"scroll","background-type":"","background-media":"","overlay-type":"","overlay-color":"","overlay-opacity":"","overlay-gradient":""},"mobile":{"background-color":"var(--ast-global-color-5)","background-image":"","background-repeat":"repeat","background-position":"center center","background-size":"auto","background-attachment":"scroll","background-type":"","background-media":"","overlay-type":"","overlay-color":"","overlay-opacity":"","overlay-gradient":""}},"footnotes":""},"class_list":["post-1091","page","type-page","status-publish","hentry"],"aioseo_notices":[],"jetpack_sharing_enabled":true,"uagb_featured_image_src":{"full":false,"thumbnail":false,"medium":false,"medium_large":false,"large":false,"1536x1536":false,"2048x2048":false,"trp-custom-language-flag":false},"uagb_author_info":{"display_name":"ncmedhelp_bscwlz","author_link":"https:\/\/ncmedhelp.org\/es\/author\/ncmedhelp_bscwlz\/"},"uagb_comment_info":0,"uagb_excerpt":"Are you new to Medicaid? How to use your Medicaid plan to get healthcare Now that you have enrolled in Medicaid, you must pick a health plan and a doctor.&nbsp; You must have a health plan and doctor before you can get covered services like office visits, blood tests and X-rays. There are many ways&hellip;","_links":{"self":[{"href":"https:\/\/ncmedhelp.org\/es\/wp-json\/wp\/v2\/pages\/1091","targetHints":{"allow":["GET"]}}],"collection":[{"href":"https:\/\/ncmedhelp.org\/es\/wp-json\/wp\/v2\/pages"}],"about":[{"href":"https:\/\/ncmedhelp.org\/es\/wp-json\/wp\/v2\/types\/page"}],"author":[{"embeddable":true,"href":"https:\/\/ncmedhelp.org\/es\/wp-json\/wp\/v2\/users\/1"}],"replies":[{"embeddable":true,"href":"https:\/\/ncmedhelp.org\/es\/wp-json\/wp\/v2\/comments?post=1091"}],"version-history":[{"count":0,"href":"https:\/\/ncmedhelp.org\/es\/wp-json\/wp\/v2\/pages\/1091\/revisions"}],"up":[{"embeddable":true,"href":"https:\/\/ncmedhelp.org\/es\/wp-json\/wp\/v2\/pages\/1012"}],"wp:attachment":[{"href":"https:\/\/ncmedhelp.org\/es\/wp-json\/wp\/v2\/media?parent=1091"}],"curies":[{"name":"wp","href":"https:\/\/api.w.org\/{rel}","templated":true}]}}