{"id":1161,"date":"2024-05-23T17:35:54","date_gmt":"2024-05-23T17:35:54","guid":{"rendered":"https:\/\/ncmedhelp.org\/?page_id=1161"},"modified":"2026-02-26T20:43:24","modified_gmt":"2026-02-26T20:43:24","slug":"medicaid-copays-know-your-rights","status":"publish","type":"page","link":"https:\/\/ncmedhelp.org\/es\/resources\/medicaid-copays-know-your-rights\/","title":{"rendered":"Copagos de Medicaid: conozca sus derechos"},"content":{"rendered":"<div class=\"wp-block-uagb-container uagb-block-beef4fb2 alignwide uagb-is-root-container\">\n<div class=\"wp-block-uagb-advanced-heading uagb-block-c0b35376\"><h1 class=\"uagb-heading-text\"><strong><strong>Copagos de Medicaid: conozca sus derechos<\/strong><\/strong><\/h1><\/div>\n<\/div>\n\n\n\n<div class=\"wp-block-uagb-container uagb-block-70af46f6 alignwide uagb-is-root-container\">\n<div class=\"wp-block-uagb-container uagb-block-0be686f1\">\n<div class=\"wp-block-uagb-advanced-heading uagb-block-b442f97e\"><h2 class=\"uagb-heading-text\">Tiene derecho a recibir atenci\u00f3n y medicamentos incluso si no puede pagar el copago.<\/h2><\/div>\n<\/div>\n<\/div>\n\n\n\n<div class=\"wp-block-uagb-container uagb-block-0b13515e alignfull uagb-is-root-container\"><div class=\"uagb-container-inner-blocks-wrap\">\n<div class=\"wp-block-uagb-container uagb-block-f8c73f83\">\n<p>un seguro de salud <strong>copago<\/strong> (o copago) es una cantidad fija que usted paga por una visita al m\u00e9dico o una receta. Si necesita ver a un m\u00e9dico o conseguir medicamentos pero no puede pagar el dinero que se supone que debe pagar, est\u00e1 bien. En Carolina del Norte, existen reglas sobre cu\u00e1nto dinero debe pagar cuando visita al m\u00e9dico o compra medicamentos.<\/p>\n\n\n\n<h3 class=\"wp-block-heading has-text-align-center\">Los copagos para algunos servicios de Medicaid en Carolina del Norte son $4.<\/h3>\n<\/div>\n<\/div><\/div>\n\n\n\n<div class=\"wp-block-uagb-container uagb-block-c4902cfb alignfull uagb-is-root-container\"><div class=\"uagb-container-inner-blocks-wrap\">\n<div class=\"wp-block-uagb-container uagb-block-65847b4b\">\n<div class=\"wp-block-uagb-container uagb-block-a52b6bc7\">\n<p><strong>Aqu\u00ed est\u00e1 la parte importante:<\/strong> Incluso si no puedes pagar ese $4 de inmediato, el m\u00e9dico o la farmacia a\u00fan tienen que ayudarte. No pueden decir que no s\u00f3lo porque no tienes el dinero en ese momento.<\/p>\n<\/div>\n<\/div>\n\n\n\n<div class=\"wp-block-uagb-container uagb-block-186a579b\">\n<div class=\"wp-block-uagb-container uagb-block-d1e2e575\">\n<p>Si est\u00e1 confundido o desea saber m\u00e1s sobre c\u00f3mo funciona esto, llame a NCMedHelp.org. Comun\u00edquese con nuestros especialistas expertos en resoluci\u00f3n de beneficios de salud al\u00a0<strong>855-972-4357 (AYUDA)<\/strong>\u00a0Para obtener asistencia gratuita hoy mismo. Tambi\u00e9n puede llamar al Centro de Contacto de Medicaid de Carolina del Norte (888-245-0179) o a la l\u00ednea de Servicios para Miembros de su plan de salud. Hay personas que pueden ayudarle a resolverlo.<\/p>\n\n\n\n<p><strong>Algo bueno que saber: <\/strong>\u00a1Algunas personas no tienen que pagar ning\u00fan copago! Si est\u00e1 embarazada, necesita anticonceptivos, est\u00e1 recibiendo tratamiento para el c\u00e1ncer de mama o es menor de 21 a\u00f1os, no tiene ning\u00fan copago por los servicios. Hay muchos casos especiales en los que no tienes que pagar.<\/p>\n<\/div>\n<\/div>\n<\/div><\/div>\n\n\n\n<h3 class=\"wp-block-heading has-text-align-center\"><strong><strong>NO hay copagos de Medicaid para las siguientes personas o servicios:<\/strong><\/strong><\/h3>\n\n\n\n<ul class=\"wp-block-list\">\n<li>Personas embarazadas y todos los servicios relacionados con el embarazo, el parto y la atenci\u00f3n posparto, para incluir la atenci\u00f3n prenatal.<\/li>\n\n\n\n<li>Servicios de planificaci\u00f3n familiar, incluido el control de la natalidad<\/li>\n\n\n\n<li>Pacientes con c\u00e1ncer de mama que est\u00e1n en el Programa de Control del C\u00e1ncer de Mama y de Cuello Uterino de Carolina del Norte (NC BCCCP)<\/li>\n\n\n\n<li>Personas que reciben cuidados paliativos<\/li>\n\n\n\n<li>Servicios de salud conductual<\/li>\n\n\n\n<li>Servicios para discapacidad intelectual\/del desarrollo (I\/DD)<\/li>\n\n\n\n<li>Personas menores de 21 a\u00f1os<\/li>\n\n\n\n<li>Ni\u00f1os en cuidado de crianza<\/li>\n\n\n\n<li>Miembros tribales reconocidos a nivel federal o miembros que reciben servicios a trav\u00e9s del Servicio de Salud Ind\u00edgena (IHS)<\/li>\n\n\n\n<li>Personas que viven en una instituci\u00f3n y reciben cobertura por el costo de la atenci\u00f3n.<\/li>\n\n\n\n<li>Miembros inscritos en los programas de exenci\u00f3n NC Innovations y NC TBI<\/li>\n\n\n\n<li>Miembros inscritos en Programas Comunitarios Alternativos para Ni\u00f1os (CAP\/C) y Adultos Discapacitados (CAP\/DA)<\/li>\n\n\n\n<li>Miembros inscritos en Servicios de soporte a largo plazo (LTSS)<\/li>\n\n\n\n<li>Servicios cubiertos por Medicare y Medicaid<\/li>\n<\/ul>\n\n\n\n<div class=\"wp-block-uagb-container uagb-block-f8b59e07 alignfull uagb-is-root-container\">\n<div class=\"wp-block-uagb-container uagb-block-ab7b90f7\">\n<div class=\"wp-block-uagb-container uagb-block-4c14f97f\">\n<div class=\"wp-block-uagb-container uagb-block-212957b3\"><\/div>\n<\/div>\n<\/div>\n<\/div>\n\n\n\n<div class=\"wp-block-uagb-container uagb-block-4281bd71 alignfull uagb-is-root-container\"><div class=\"uagb-container-inner-blocks-wrap\">\n<div class=\"wp-block-uagb-container uagb-block-7ca749c3\">\n<h3 class=\"wp-block-heading has-text-align-center\">Descargue un folleto imprimible<\/h3>\n\n\n\n<div class=\"wp-block-uagb-container uagb-block-1ec72ec9\">\n<figure class=\"wp-block-image size-full\"><a href=\"https:\/\/ncmedhelp.org\/wp-content\/uploads\/2024\/05\/NCMedHelp_Eng_MedicareCopay_V2.pdf\" target=\"_blank\" rel=\"noreferrer noopener\"><img loading=\"lazy\" decoding=\"async\" width=\"392\" height=\"500\" src=\"https:\/\/ncmedhelp.org\/wp-content\/uploads\/2024\/05\/MedicareCopay_featured.webp\" alt=\"\" class=\"wp-image-1165\" srcset=\"https:\/\/ncmedhelp.org\/wp-content\/uploads\/2024\/05\/MedicareCopay_featured.webp 392w, https:\/\/ncmedhelp.org\/wp-content\/uploads\/2024\/05\/MedicareCopay_featured-235x300.webp 235w, https:\/\/ncmedhelp.org\/wp-content\/uploads\/2024\/05\/MedicareCopay_featured-9x12.webp 9w\" sizes=\"auto, (max-width: 392px) 100vw, 392px\" \/><\/a><\/figure>\n<\/div>\n<\/div>\n\n\n\n<div class=\"wp-block-uagb-container uagb-block-2e247b98\">\n<div class=\"inherit-container-width wp-block-group alignfull has-text-color is-layout-constrained wp-block-group-is-layout-constrained\" style=\"color:#000000\">\n<div style=\"height:64px\" aria-hidden=\"true\" class=\"wp-block-spacer\"><\/div>\n\n\n\n<p class=\"has-text-align-center has-medium-font-size\" style=\"line-height:.9\">\u00bfUn m\u00e9dico o farmacia se ha negado a brindarle servicios o surtir recetas porque usted no pod\u00eda pagar el copago de Medicaid? Hay ayuda gratuita disponible en todo Carolina del Norte. Solicita asistencia jur\u00eddica y conoce tus derechos<\/p>\n\n\n\n<h2 class=\"wp-block-heading has-text-align-center\" id=\"schedule-a-visit\" style=\"font-size:59px;line-height:1.15\"><strong>Cont\u00e1ctenos para obtener ayuda<\/strong><\/h2>\n\n\n\n<div class=\"wp-block-buttons has-custom-font-size has-medium-font-size is-horizontal is-content-justification-center is-layout-flex wp-container-core-buttons-is-layout-ecd33c62 wp-block-buttons-is-layout-flex\">\n<div class=\"wp-block-button has-custom-width wp-block-button__width-50\"><a class=\"wp-block-button__link has-ast-global-color-0-background-color has-text-color has-background has-small-font-size has-custom-font-size wp-element-button\" href=\"https:\/\/ncmedhelp.org\/es\/legal-services\/\" style=\"border-radius:50px;color:#ffffff;padding-top:var(--wp--preset--spacing--30);padding-right:var(--wp--preset--spacing--20);padding-bottom:var(--wp--preset--spacing--30);padding-left:var(--wp--preset--spacing--20)\">Cont\u00e1ctenos<\/a><\/div>\n<\/div>\n\n\n\n<div style=\"height:64px\" aria-hidden=\"true\" class=\"wp-block-spacer\"><\/div>\n<\/div>\n<\/div>\n<\/div><\/div>","protected":false},"excerpt":{"rendered":"<p>Copagos de Medicaid: Conozca sus derechos. Tiene derecho a recibir atenci\u00f3n m\u00e9dica y medicamentos incluso si no puede pagar el copago. Un copago del seguro m\u00e9dico es una cantidad fija que paga por una consulta m\u00e9dica o una receta m\u00e9dica. Si necesita ver a un m\u00e9dico o conseguir medicamentos, pero no puede pagar el dinero que est\u00e1 pagando [\u2026]<\/p>","protected":false},"author":1,"featured_media":0,"parent":1012,"menu_order":0,"comment_status":"closed","ping_status":"closed","template":"","meta":{"om_disable_all_campaigns":false,"_uag_custom_page_level_css":"","_monsterinsights_skip_tracking":false,"_monsterinsights_sitenote_active":false,"_monsterinsights_sitenote_note":"","_monsterinsights_sitenote_category":0,"site-sidebar-layout":"no-sidebar","site-content-layout":"page-builder","ast-site-content-layout":"full-width-container","site-content-style":"unboxed","site-sidebar-style":"unboxed","ast-global-header-display":"","ast-banner-title-visibility":"","ast-main-header-display":"","ast-hfb-above-header-display":"","ast-hfb-below-header-display":"","ast-hfb-mobile-header-display":"","site-post-title":"disabled","ast-breadcrumbs-content":"","ast-featured-img":"disabled","footer-sml-layout":"","theme-transparent-header-meta":"enabled","adv-header-id-meta":"","stick-header-meta":"","header-above-stick-meta":"","header-main-stick-meta":"","header-below-stick-meta":"","astra-migrate-meta-layouts":"set","ast-page-background-enabled":"default","ast-page-background-meta":{"desktop":{"background-color":"var(--ast-global-color-4)","background-image":"","background-repeat":"repeat","background-position":"center center","background-size":"auto","background-attachment":"scroll","background-type":"","background-media":"","overlay-type":"","overlay-color":"","overlay-opacity":"","overlay-gradient":""},"tablet":{"background-color":"","background-image":"","background-repeat":"repeat","background-position":"center center","background-size":"auto","background-attachment":"scroll","background-type":"","background-media":"","overlay-type":"","overlay-color":"","overlay-opacity":"","overlay-gradient":""},"mobile":{"background-color":"","background-image":"","background-repeat":"repeat","background-position":"center center","background-size":"auto","background-attachment":"scroll","background-type":"","background-media":"","overlay-type":"","overlay-color":"","overlay-opacity":"","overlay-gradient":""}},"ast-content-background-meta":{"desktop":{"background-color":"var(--ast-global-color-5)","background-image":"","background-repeat":"repeat","background-position":"center center","background-size":"auto","background-attachment":"scroll","background-type":"","background-media":"","overlay-type":"","overlay-color":"","overlay-opacity":"","overlay-gradient":""},"tablet":{"background-color":"var(--ast-global-color-5)","background-image":"","background-repeat":"repeat","background-position":"center center","background-size":"auto","background-attachment":"scroll","background-type":"","background-media":"","overlay-type":"","overlay-color":"","overlay-opacity":"","overlay-gradient":""},"mobile":{"background-color":"var(--ast-global-color-5)","background-image":"","background-repeat":"repeat","background-position":"center center","background-size":"auto","background-attachment":"scroll","background-type":"","background-media":"","overlay-type":"","overlay-color":"","overlay-opacity":"","overlay-gradient":""}},"footnotes":""},"class_list":["post-1161","page","type-page","status-publish","hentry"],"aioseo_notices":[],"jetpack_sharing_enabled":true,"uagb_featured_image_src":{"full":false,"thumbnail":false,"medium":false,"medium_large":false,"large":false,"1536x1536":false,"2048x2048":false,"trp-custom-language-flag":false},"uagb_author_info":{"display_name":"ncmedhelp_bscwlz","author_link":"https:\/\/ncmedhelp.org\/es\/author\/ncmedhelp_bscwlz\/"},"uagb_comment_info":0,"uagb_excerpt":"Medicaid Copays &#8211; Know Your Rights You have the right to receive care and medicine even if you can\u2019t pay the copay A health insurance copay (or copayment) is a set amount you pay for a doctor visit or prescription.&nbsp;If you need to see a doctor or get medicine but can&#8217;t pay the money you&#8217;re&hellip;","_links":{"self":[{"href":"https:\/\/ncmedhelp.org\/es\/wp-json\/wp\/v2\/pages\/1161","targetHints":{"allow":["GET"]}}],"collection":[{"href":"https:\/\/ncmedhelp.org\/es\/wp-json\/wp\/v2\/pages"}],"about":[{"href":"https:\/\/ncmedhelp.org\/es\/wp-json\/wp\/v2\/types\/page"}],"author":[{"embeddable":true,"href":"https:\/\/ncmedhelp.org\/es\/wp-json\/wp\/v2\/users\/1"}],"replies":[{"embeddable":true,"href":"https:\/\/ncmedhelp.org\/es\/wp-json\/wp\/v2\/comments?post=1161"}],"version-history":[{"count":0,"href":"https:\/\/ncmedhelp.org\/es\/wp-json\/wp\/v2\/pages\/1161\/revisions"}],"up":[{"embeddable":true,"href":"https:\/\/ncmedhelp.org\/es\/wp-json\/wp\/v2\/pages\/1012"}],"wp:attachment":[{"href":"https:\/\/ncmedhelp.org\/es\/wp-json\/wp\/v2\/media?parent=1161"}],"curies":[{"name":"wp","href":"https:\/\/api.w.org\/{rel}","templated":true}]}}