{"id":1171,"date":"2024-07-24T17:56:55","date_gmt":"2024-07-24T17:56:55","guid":{"rendered":"https:\/\/ncmedhelp.org\/?page_id=1171"},"modified":"2026-03-02T18:04:02","modified_gmt":"2026-03-02T18:04:02","slug":"medicaid-copays-get-care","status":"publish","type":"page","link":"https:\/\/ncmedhelp.org\/es\/resources\/medicaid-copays-get-care\/","title":{"rendered":"Copagos de Medicaid: obtenga atenci\u00f3n"},"content":{"rendered":"<div class=\"wp-block-uagb-container uagb-block-adc47a44 alignwide uagb-is-root-container\">\n<div class=\"wp-block-uagb-advanced-heading uagb-block-a38a9f48\"><h1 class=\"uagb-heading-text\"><strong><strong>Copagos de Medicaid: obtenga atenci\u00f3n<\/strong><\/strong><\/h1><\/div>\n<\/div>\n\n\n\n<div class=\"wp-block-uagb-container uagb-block-acd09f09 alignwide uagb-is-root-container\">\n<div class=\"wp-block-uagb-container uagb-block-c4cf8f31\">\n<div class=\"wp-block-uagb-advanced-heading uagb-block-63c6ff4e\"><h2 class=\"uagb-heading-text\">Los pacientes tienen derecho a recibir atenci\u00f3n y medicamentos incluso si no pueden pagar el copago.<\/h2><\/div>\n<\/div>\n<\/div>\n\n\n\n<div class=\"wp-block-uagb-container uagb-block-5d4974ee alignfull uagb-is-root-container\"><div class=\"uagb-container-inner-blocks-wrap\">\n<div class=\"wp-block-uagb-container uagb-block-5d5fd07f\">\n<p>Como farmac\u00e9uticos y t\u00e9cnicos de farmacia en Carolina del Norte, es fundamental informar a nuestros pacientes sobre sus derechos, especialmente cuando se trata de acceder a atenci\u00f3n y medicamentos. Un aspecto clave que suele causar confusi\u00f3n es el copago del seguro m\u00e9dico.<\/p>\n\n\n\n<h3 class=\"wp-block-heading has-text-align-center\"><strong>Derecho del paciente a recibir atenci\u00f3n incluso sin copago<\/strong><\/h3>\n<\/div>\n<\/div><\/div>\n\n\n\n<div class=\"wp-block-uagb-container uagb-block-126a5dfb alignfull uagb-is-root-container\"><div class=\"uagb-container-inner-blocks-wrap\">\n<div class=\"wp-block-uagb-container uagb-block-42a9f055\">\n<p><strong>En Carolina del Norte, no se permite negar atenci\u00f3n o recetas debido a un copago impago.<\/strong> Existen regulaciones para garantizar que las limitaciones financieras no impidan que los pacientes accedan a servicios m\u00e9dicos o medicamentos. Si un paciente no puede pagar su copago $4 de inmediato, los proveedores de atenci\u00f3n m\u00e9dica, incluidos m\u00e9dicos y farmacias, a\u00fan deben brindar los servicios o medicamentos necesarios.&nbsp;<\/p>\n<\/div>\n\n\n\n<div class=\"wp-block-uagb-container uagb-block-6b237ff1\">\n<div class=\"wp-block-uagb-container uagb-block-269099c0\">\n<p><strong>En Carolina del Norte, no se permite negar atenci\u00f3n o recetas debido a un copago impago.<\/strong> Existen regulaciones para garantizar que las limitaciones financieras no impidan que los pacientes accedan a servicios m\u00e9dicos o medicamentos. Si un paciente no puede pagar su copago $4 de inmediato, los proveedores de atenci\u00f3n m\u00e9dica, incluidos m\u00e9dicos y farmacias, a\u00fan deben brindar los servicios o medicamentos necesarios.&nbsp;<\/p>\n\n\n\n<p>Para los pacientes que est\u00e1n confundidos o necesitan m\u00e1s informaci\u00f3n sobre c\u00f3mo funciona este sistema, hay varios recursos disponibles:<\/p>\n\n\n\n<ul class=\"wp-block-list\">\n<li><strong>Ayuda de NCMed:<\/strong> Llama al 855-972-4357 (AYUDA). <\/li>\n\n\n\n<li><strong>Centro de contacto de Medicaid de Carolina del Norte<\/strong>: Llame al 888-245-0179.<\/li>\n\n\n\n<li><strong>Servicios para miembros del plan de salud<\/strong>: Cada plan de salud tiene una l\u00ednea de servicios para miembros dedicada que puede brindar asistencia.<\/li>\n\n\n\n<li>Comparta esta informaci\u00f3n de NCmedHelp \u2013<a href=\"https:\/\/ncmedhelp.org\/es\/legal-services-2\/medicaid-copays-know-your-rights\/\">https:\/\/ncmedhelp.org\/legal-services-2\/medicaid-copays-know-your-rights\/<\/a>&nbsp;<\/li>\n<\/ul>\n\n\n\n<p>Estos recursos pueden ayudar a los pacientes a comprender sus derechos y navegar por el sistema de Medicaid de manera efectiva.<\/p>\n\n\n\n<p>Como farmac\u00e9uticos y t\u00e9cnicos de farmacia, ustedes desempe\u00f1an un papel vital a la hora de educar a nuestros pacientes sobre sus derechos y ayudarlos a acceder a la atenci\u00f3n. Al comprender las reglas sobre los copagos y los recursos disponibles, podemos ayudar mejor a nuestros pacientes a navegar por sus opciones de atenci\u00f3n m\u00e9dica. Recuerde, a nadie se le debe negar atenci\u00f3n o medicamentos porque no puede pagar un copago por adelantado.<\/p>\n\n\n\n<p>\u00bfTiene preguntas sobre este reglamento? Contacta el <strong>Defensor del Pueblo de Proveedores de Medicaid de Carolina del Norte<\/strong>. Llame al 866-304-7062 de 8 am a 5 pm, de lunes a viernes, o visite<a href=\"http:\/\/ncmedicaidombudsman.org\/\"> <\/a><a href=\"mailto:Medicaid.ProviderOmbudsman@dhhs.nc.gov\">Medicaid.ProviderOmbudsman@dhhs.nc.gov<\/a>.<\/p>\n<\/div>\n<\/div>\n<\/div><\/div>\n\n\n\n<div class=\"wp-block-uagb-container uagb-block-8c2e4460 alignfull uagb-is-root-container\"><div class=\"uagb-container-inner-blocks-wrap\">\n<div class=\"wp-block-uagb-container uagb-block-97cca3bb\">\n<div class=\"inherit-container-width wp-block-group alignfull has-text-color is-layout-constrained wp-block-group-is-layout-constrained\" style=\"color:#000000\">\n<div style=\"height:64px\" aria-hidden=\"true\" class=\"wp-block-spacer\"><\/div>\n\n\n\n<p class=\"has-text-align-center has-medium-font-size\" style=\"line-height:.9\">\u00bfUn m\u00e9dico o farmacia se ha negado a brindarle servicios o surtir recetas porque usted no pod\u00eda pagar el copago de Medicaid? Hay ayuda gratuita disponible en todo Carolina del Norte. Solicita asistencia jur\u00eddica y conoce tus derechos<\/p>\n\n\n\n<h2 class=\"wp-block-heading has-text-align-center\" id=\"schedule-a-visit\" style=\"font-size:59px;line-height:1.15\"><strong>Cont\u00e1ctenos para obtener ayuda<\/strong><\/h2>\n\n\n\n<div class=\"wp-block-buttons has-custom-font-size has-medium-font-size is-horizontal is-content-justification-center is-layout-flex wp-container-core-buttons-is-layout-ecd33c62 wp-block-buttons-is-layout-flex\">\n<div class=\"wp-block-button has-custom-width wp-block-button__width-50\"><a class=\"wp-block-button__link has-ast-global-color-0-background-color has-text-color has-background has-small-font-size has-custom-font-size wp-element-button\" href=\"https:\/\/ncmedhelp.org\/es\/legal-services\/\" style=\"border-radius:50px;color:#ffffff;padding-top:var(--wp--preset--spacing--30);padding-right:var(--wp--preset--spacing--20);padding-bottom:var(--wp--preset--spacing--30);padding-left:var(--wp--preset--spacing--20)\">Cont\u00e1ctenos<\/a><\/div>\n<\/div>\n\n\n\n<div style=\"height:64px\" aria-hidden=\"true\" class=\"wp-block-spacer\"><\/div>\n<\/div>\n<\/div>\n<\/div><\/div>","protected":false},"excerpt":{"rendered":"<p>Copagos de Medicaid: Reciba atenci\u00f3n. Los pacientes tienen derecho a recibir atenci\u00f3n y medicamentos incluso si no pueden pagar el copago. Como farmac\u00e9uticos y t\u00e9cnicos de farmacia en Carolina del Norte, es fundamental informar a nuestros pacientes sobre sus derechos, especialmente en lo que respecta al acceso a la atenci\u00f3n y los medicamentos. Un aspecto clave que a menudo genera confusi\u00f3n es [\u2026]<\/p>","protected":false},"author":1,"featured_media":0,"parent":1012,"menu_order":0,"comment_status":"closed","ping_status":"closed","template":"","meta":{"om_disable_all_campaigns":false,"_uag_custom_page_level_css":"","_monsterinsights_skip_tracking":false,"_monsterinsights_sitenote_active":false,"_monsterinsights_sitenote_note":"","_monsterinsights_sitenote_category":0,"site-sidebar-layout":"no-sidebar","site-content-layout":"page-builder","ast-site-content-layout":"full-width-container","site-content-style":"unboxed","site-sidebar-style":"unboxed","ast-global-header-display":"","ast-banner-title-visibility":"","ast-main-header-display":"","ast-hfb-above-header-display":"","ast-hfb-below-header-display":"","ast-hfb-mobile-header-display":"","site-post-title":"disabled","ast-breadcrumbs-content":"","ast-featured-img":"disabled","footer-sml-layout":"","theme-transparent-header-meta":"enabled","adv-header-id-meta":"","stick-header-meta":"","header-above-stick-meta":"","header-main-stick-meta":"","header-below-stick-meta":"","astra-migrate-meta-layouts":"set","ast-page-background-enabled":"default","ast-page-background-meta":{"desktop":{"background-color":"var(--ast-global-color-4)","background-image":"","background-repeat":"repeat","background-position":"center center","background-size":"auto","background-attachment":"scroll","background-type":"","background-media":"","overlay-type":"","overlay-color":"","overlay-opacity":"","overlay-gradient":""},"tablet":{"background-color":"","background-image":"","background-repeat":"repeat","background-position":"center center","background-size":"auto","background-attachment":"scroll","background-type":"","background-media":"","overlay-type":"","overlay-color":"","overlay-opacity":"","overlay-gradient":""},"mobile":{"background-color":"","background-image":"","background-repeat":"repeat","background-position":"center center","background-size":"auto","background-attachment":"scroll","background-type":"","background-media":"","overlay-type":"","overlay-color":"","overlay-opacity":"","overlay-gradient":""}},"ast-content-background-meta":{"desktop":{"background-color":"var(--ast-global-color-5)","background-image":"","background-repeat":"repeat","background-position":"center center","background-size":"auto","background-attachment":"scroll","background-type":"","background-media":"","overlay-type":"","overlay-color":"","overlay-opacity":"","overlay-gradient":""},"tablet":{"background-color":"var(--ast-global-color-5)","background-image":"","background-repeat":"repeat","background-position":"center center","background-size":"auto","background-attachment":"scroll","background-type":"","background-media":"","overlay-type":"","overlay-color":"","overlay-opacity":"","overlay-gradient":""},"mobile":{"background-color":"var(--ast-global-color-5)","background-image":"","background-repeat":"repeat","background-position":"center center","background-size":"auto","background-attachment":"scroll","background-type":"","background-media":"","overlay-type":"","overlay-color":"","overlay-opacity":"","overlay-gradient":""}},"footnotes":""},"class_list":["post-1171","page","type-page","status-publish","hentry"],"aioseo_notices":[],"jetpack_sharing_enabled":true,"uagb_featured_image_src":{"full":false,"thumbnail":false,"medium":false,"medium_large":false,"large":false,"1536x1536":false,"2048x2048":false,"trp-custom-language-flag":false},"uagb_author_info":{"display_name":"ncmedhelp_bscwlz","author_link":"https:\/\/ncmedhelp.org\/es\/author\/ncmedhelp_bscwlz\/"},"uagb_comment_info":0,"uagb_excerpt":"Medicaid Copays &#8211; Get Care Patients have the right to receive care and medicine even if they can\u2019t pay the copay As pharmacists and pharmacy technicians in North Carolina, it&#8217;s crucial to inform our patients about their rights, especially when it comes to accessing care and medicine. One key aspect that often causes confusion is&hellip;","_links":{"self":[{"href":"https:\/\/ncmedhelp.org\/es\/wp-json\/wp\/v2\/pages\/1171","targetHints":{"allow":["GET"]}}],"collection":[{"href":"https:\/\/ncmedhelp.org\/es\/wp-json\/wp\/v2\/pages"}],"about":[{"href":"https:\/\/ncmedhelp.org\/es\/wp-json\/wp\/v2\/types\/page"}],"author":[{"embeddable":true,"href":"https:\/\/ncmedhelp.org\/es\/wp-json\/wp\/v2\/users\/1"}],"replies":[{"embeddable":true,"href":"https:\/\/ncmedhelp.org\/es\/wp-json\/wp\/v2\/comments?post=1171"}],"version-history":[{"count":0,"href":"https:\/\/ncmedhelp.org\/es\/wp-json\/wp\/v2\/pages\/1171\/revisions"}],"up":[{"embeddable":true,"href":"https:\/\/ncmedhelp.org\/es\/wp-json\/wp\/v2\/pages\/1012"}],"wp:attachment":[{"href":"https:\/\/ncmedhelp.org\/es\/wp-json\/wp\/v2\/media?parent=1171"}],"curies":[{"name":"wp","href":"https:\/\/api.w.org\/{rel}","templated":true}]}}