{"id":801,"date":"2023-02-13T19:50:15","date_gmt":"2023-02-13T19:50:15","guid":{"rendered":"https:\/\/ncmedhelp.org\/?page_id=801"},"modified":"2026-02-24T21:49:11","modified_gmt":"2026-02-24T21:49:11","slug":"legal-services","status":"publish","type":"page","link":"https:\/\/ncmedhelp.org\/es\/legal-services\/","title":{"rendered":"Servicios Legales"},"content":{"rendered":"<div class=\"wp-block-uagb-container uagb-block-553c71a4 alignfull uagb-is-root-container\"><div class=\"uagb-container-inner-blocks-wrap\">\n<div class=\"wp-block-uagb-advanced-heading uagb-block-05d24b24\"><h1 class=\"uagb-heading-text\">Servicios Legales<\/h1><\/div>\n<\/div><\/div>\n\n\n\n<div class=\"wp-block-uagb-container uagb-block-62cbbb3f alignfull uagb-is-root-container\"><div class=\"uagb-container-inner-blocks-wrap\"><\/div><\/div>\n\n\n\n<div class=\"wp-block-uagb-container uagb-block-01a42719 alignfull uagb-is-root-container\"><div class=\"uagb-container-inner-blocks-wrap\">\n<div class=\"wp-block-uagb-info-box uagb-block-1b318ba2 uagb-infobox__content-wrap  uagb-infobox-icon-above-title uagb-infobox-image-valign-top\"><div class=\"uagb-ifb-content\"><div class=\"uagb-ifb-title-wrap\"><h2 class=\"uagb-ifb-title\">OBTENGA SERVICIOS LEGALES<\/h2><\/div><p class=\"uagb-ifb-desc\">\u00bfLe han dicho que no es elegible para Medicaid? <br>\u00bfSe cancel\u00f3 su cobertura de Medicaid?<\/p><\/div><\/div>\n\n\n\n<div class=\"wp-block-uagb-advanced-heading uagb-block-c6d982c2\"><p class=\"uagb-heading-text\">Hay ayuda gratuita disponible en Carolina del Norte. Solicite asistencia legal y conozca sus derechos bajo NC Medicaid comunic\u00e1ndose con una de estas organizaciones sin fines de lucro:<\/p><\/div>\n<\/div><\/div>\n\n\n\n<div class=\"wp-block-uagb-container uagb-block-ef888309 alignfull uagb-is-root-container\"><div class=\"uagb-container-inner-blocks-wrap\">\n<div class=\"wp-block-uagb-container uagb-block-720b132b\">\n<div class=\"wp-block-uagb-image uagb-block-d758cb00 wp-block-uagb-image--layout-default wp-block-uagb-image--effect-static wp-block-uagb-image--align-none\"><figure class=\"wp-block-uagb-image__figure\"><img decoding=\"async\" srcset=\"https:\/\/ncmedhelp.org\/wp-content\/uploads\/2023\/02\/legal-aid-of-north-carolina-large-logo-2.png \" sizes=\"auto, (max-width: 480px) 150px\" src=\"https:\/\/ncmedhelp.org\/wp-content\/uploads\/2023\/02\/legal-aid-of-north-carolina-large-logo-2.png\" alt=\"\" class=\"uag-image-888\" width=\"600\" height=\"300\" title=\"\" loading=\"lazy\" role=\"img\"\/><\/figure><\/div>\n\n\n\n<p class=\"has-text-align-center\">Atendemos a personas en todo el estado, excepto asuntos de Medicaid en los condados atendidos por Charlotte Center for Legal Advocacy y Pisgah Legal Services.<\/p>\n\n\n\n<p class=\"has-text-align-center has-medium-font-size\">Llama al: 866-219-5262<\/p>\n\n\n\n<div class=\"wp-block-uagb-buttons uagb-buttons__outer-wrap uagb-btn__default-btn uagb-btn-tablet__default-btn uagb-btn-mobile__default-btn uagb-block-9897d5d5\"><div class=\"uagb-buttons__wrap uagb-buttons-layout-wrap\">\n<div class=\"wp-block-uagb-buttons-child uagb-buttons__outer-wrap uagb-block-0911f905 wp-block-button\"><div class=\"uagb-button__wrapper\"><a class=\"uagb-buttons-repeater wp-block-button__link\" aria-label=\"\" href=\"https:\/\/legalaidnc.org\" rel=\"follow noopener\" target=\"_blank\" role=\"button\"><div class=\"uagb-button__link\">Visita Asistencia Legal de Carolina del Norte<\/div><\/a><\/div><\/div>\n\n\n\n<div class=\"wp-block-uagb-buttons-child uagb-buttons__outer-wrap uagb-block-74f09016 wp-block-button\"><div class=\"uagb-button__wrapper\"><a class=\"uagb-buttons-repeater wp-block-button__link\" aria-label=\"\" href=\"https:\/\/legalaidnc.org\/justicehub\/\" rel=\"follow noopener\" target=\"_blank\" role=\"button\"><div class=\"uagb-button__link\">Asistencia legal: <strong>solicitud en l\u00ednea para SERVICIOS LEGALES<\/strong><\/div><\/a><\/div><\/div>\n<\/div><\/div>\n<\/div>\n\n\n\n<div class=\"wp-block-uagb-container uagb-block-0fd4b527\">\n<div class=\"wp-block-uagb-image uagb-block-a063a9e6 wp-block-uagb-image--layout-default wp-block-uagb-image--effect-static wp-block-uagb-image--align-none\"><figure class=\"wp-block-uagb-image__figure\"><img decoding=\"async\" srcset=\"https:\/\/ncmedhelp.org\/wp-content\/uploads\/2023\/02\/Charlotte-Center-for-Legal-Advocacy_large-logo-2.png \" sizes=\"auto, (max-width: 480px) 150px\" src=\"https:\/\/ncmedhelp.org\/wp-content\/uploads\/2023\/02\/Charlotte-Center-for-Legal-Advocacy_large-logo-2.png\" alt=\"\" class=\"uag-image-887\" width=\"600\" height=\"300\" title=\"\" loading=\"lazy\" role=\"img\"\/><\/figure><\/div>\n\n\n\n<p class=\"has-text-align-center\">Sirviendo a personas que viven en los condados de Cabarrus, Cleveland, Gaston, Lincoln, Mecklenburg, Stanly y Union.<\/p>\n\n\n\n<p class=\"has-text-align-center has-medium-font-size\">Llama al: 800-438-1254<\/p>\n\n\n\n<div class=\"wp-block-uagb-buttons uagb-buttons__outer-wrap uagb-btn__default-btn uagb-btn-tablet__default-btn uagb-btn-mobile__default-btn uagb-block-9c44228b\"><div class=\"uagb-buttons__wrap uagb-buttons-layout-wrap\">\n<div class=\"wp-block-uagb-buttons-child uagb-buttons__outer-wrap uagb-block-3f25c14a wp-block-button\"><div class=\"uagb-button__wrapper\"><a class=\"uagb-buttons-repeater wp-block-button__link\" aria-label=\"\" href=\"https:\/\/charlottelegaladvocacy.org\" rel=\"follow noopener\" target=\"_blank\" role=\"button\"><div class=\"uagb-button__link\">Visite Charlotte Center para obtener asistencia legal<\/div><\/a><\/div><\/div>\n<\/div><\/div>\n<\/div>\n\n\n\n<div class=\"wp-block-uagb-container uagb-block-602c5d88\">\n<div class=\"wp-block-uagb-image uagb-block-117a76dd wp-block-uagb-image--layout-default wp-block-uagb-image--effect-static wp-block-uagb-image--align-none\"><figure class=\"wp-block-uagb-image__figure\"><img decoding=\"async\" srcset=\"https:\/\/ncmedhelp.org\/wp-content\/uploads\/2023\/02\/Pisgah-legal-services-large-logo2.png \" sizes=\"auto, (max-width: 480px) 150px\" src=\"https:\/\/ncmedhelp.org\/wp-content\/uploads\/2023\/02\/Pisgah-legal-services-large-logo2.png\" alt=\"\" class=\"uag-image-889\" width=\"600\" height=\"300\" title=\"\" loading=\"lazy\" role=\"img\"\/><\/figure><\/div>\n\n\n\n<p class=\"has-text-align-center\">Sirviendo a las personas que viven en los condados de Avery, Buncombe, Henderson, Jackson, Macon, Madison, Mitchell, Polk, Rutherford, Transylvania y Yancey<\/p>\n\n\n\n<p class=\"has-text-align-center has-medium-font-size\">Llame: 800-489-6144<\/p>\n\n\n\n<div class=\"wp-block-uagb-buttons uagb-buttons__outer-wrap uagb-btn__default-btn uagb-btn-tablet__default-btn uagb-btn-mobile__default-btn uagb-block-12991609\"><div class=\"uagb-buttons__wrap uagb-buttons-layout-wrap\">\n<div class=\"wp-block-uagb-buttons-child uagb-buttons__outer-wrap uagb-block-99e82b58 wp-block-button\"><div class=\"uagb-button__wrapper\"><a class=\"uagb-buttons-repeater wp-block-button__link\" aria-label=\"\" href=\"https:\/\/www.pisgahlegal.org\/espanol\/\" rel=\"follow noopener\" target=\"_blank\" role=\"button\"><div class=\"uagb-button__link\">Visita los servicios legales de Pisgah<\/div><\/a><\/div><\/div>\n\n\n\n<div class=\"wp-block-uagb-buttons-child uagb-buttons__outer-wrap uagb-block-6f6c04ea wp-block-button\"><div class=\"uagb-button__wrapper\"><a class=\"uagb-buttons-repeater wp-block-button__link\" aria-label=\"\" href=\"https:\/\/www.pisgahlegal.org\/free-legal-assistance\/\" rel=\"follow noopener\" target=\"_blank\" role=\"button\"><div class=\"uagb-button__link\">Servicios legales de Pisgah: Solicitud en l\u00ednea de servicios legales<\/div><\/a><\/div><\/div>\n<\/div><\/div>\n<\/div>\n<\/div><\/div>\n\n\n\n<p class=\"has-text-align-center\" style=\"padding-top:var(--wp--preset--spacing--60);padding-right:var(--wp--preset--spacing--80);padding-bottom:var(--wp--preset--spacing--60);padding-left:var(--wp--preset--spacing--80);font-size:37px;line-height:1.2\">Si cree que su Departamento de Servicios Sociales (DSS) viol\u00f3 sus derechos, llame al 1-800-936-4971 o env\u00ede un correo electr\u00f3nico <a href=\"mailto:hawkinsinfo@charlottelegaladvocacy.org\" target=\"_blank\" rel=\"noreferrer noopener\">hawkinsinfo@charlottelegaladvocacy.org<\/a>.<\/p>","protected":false},"excerpt":{"rendered":"<p>Legal Services Free help is available across North Carolina. Request legal assistance and learn about your rights under NC Medicaid by contacting one of these nonprofit organizations: Serving people statewide, except for Medicaid matters in counties served by Charlotte Center for Legal Advocacy and Pisgah Legal Services Call: 866-219-5262 Serving people who live in Cabarrus, [&hellip;]<\/p>","protected":false},"author":1,"featured_media":0,"parent":0,"menu_order":0,"comment_status":"closed","ping_status":"closed","template":"","meta":{"om_disable_all_campaigns":false,"_uag_custom_page_level_css":"","_monsterinsights_skip_tracking":false,"_monsterinsights_sitenote_active":false,"_monsterinsights_sitenote_note":"","_monsterinsights_sitenote_category":0,"site-sidebar-layout":"no-sidebar","site-content-layout":"page-builder","ast-site-content-layout":"full-width-container","site-content-style":"unboxed","site-sidebar-style":"unboxed","ast-global-header-display":"","ast-banner-title-visibility":"","ast-main-header-display":"","ast-hfb-above-header-display":"","ast-hfb-below-header-display":"","ast-hfb-mobile-header-display":"","site-post-title":"disabled","ast-breadcrumbs-content":"","ast-featured-img":"disabled","footer-sml-layout":"","theme-transparent-header-meta":"enabled","adv-header-id-meta":"","stick-header-meta":"","header-above-stick-meta":"","header-main-stick-meta":"","header-below-stick-meta":"","astra-migrate-meta-layouts":"set","ast-page-background-enabled":"default","ast-page-background-meta":{"desktop":{"background-color":"var(--ast-global-color-4)","background-image":"","background-repeat":"repeat","background-position":"center center","background-size":"auto","background-attachment":"scroll","background-type":"","background-media":"","overlay-type":"","overlay-color":"","overlay-opacity":"","overlay-gradient":""},"tablet":{"background-color":"","background-image":"","background-repeat":"repeat","background-position":"center center","background-size":"auto","background-attachment":"scroll","background-type":"","background-media":"","overlay-type":"","overlay-color":"","overlay-opacity":"","overlay-gradient":""},"mobile":{"background-color":"","background-image":"","background-repeat":"repeat","background-position":"center center","background-size":"auto","background-attachment":"scroll","background-type":"","background-media":"","overlay-type":"","overlay-color":"","overlay-opacity":"","overlay-gradient":""}},"ast-content-background-meta":{"desktop":{"background-color":"var(--ast-global-color-5)","background-image":"","background-repeat":"repeat","background-position":"center center","background-size":"auto","background-attachment":"scroll","background-type":"","background-media":"","overlay-type":"","overlay-color":"","overlay-opacity":"","overlay-gradient":""},"tablet":{"background-color":"var(--ast-global-color-5)","background-image":"","background-repeat":"repeat","background-position":"center center","background-size":"auto","background-attachment":"scroll","background-type":"","background-media":"","overlay-type":"","overlay-color":"","overlay-opacity":"","overlay-gradient":""},"mobile":{"background-color":"var(--ast-global-color-5)","background-image":"","background-repeat":"repeat","background-position":"center center","background-size":"auto","background-attachment":"scroll","background-type":"","background-media":"","overlay-type":"","overlay-color":"","overlay-opacity":"","overlay-gradient":""}},"footnotes":""},"class_list":["post-801","page","type-page","status-publish","hentry"],"aioseo_notices":[],"jetpack_sharing_enabled":true,"uagb_featured_image_src":{"full":false,"thumbnail":false,"medium":false,"medium_large":false,"large":false,"1536x1536":false,"2048x2048":false,"trp-custom-language-flag":false},"uagb_author_info":{"display_name":"ncmedhelp_bscwlz","author_link":"https:\/\/ncmedhelp.org\/es\/author\/ncmedhelp_bscwlz\/"},"uagb_comment_info":0,"uagb_excerpt":"Legal Services Free help is available across North Carolina. Request legal assistance and learn about your rights under NC Medicaid by contacting one of these nonprofit organizations: Serving people statewide, except for Medicaid matters in counties served by Charlotte Center for Legal Advocacy and Pisgah Legal Services Call: 866-219-5262 Serving people who live in Cabarrus,&hellip;","_links":{"self":[{"href":"https:\/\/ncmedhelp.org\/es\/wp-json\/wp\/v2\/pages\/801","targetHints":{"allow":["GET"]}}],"collection":[{"href":"https:\/\/ncmedhelp.org\/es\/wp-json\/wp\/v2\/pages"}],"about":[{"href":"https:\/\/ncmedhelp.org\/es\/wp-json\/wp\/v2\/types\/page"}],"author":[{"embeddable":true,"href":"https:\/\/ncmedhelp.org\/es\/wp-json\/wp\/v2\/users\/1"}],"replies":[{"embeddable":true,"href":"https:\/\/ncmedhelp.org\/es\/wp-json\/wp\/v2\/comments?post=801"}],"version-history":[{"count":0,"href":"https:\/\/ncmedhelp.org\/es\/wp-json\/wp\/v2\/pages\/801\/revisions"}],"wp:attachment":[{"href":"https:\/\/ncmedhelp.org\/es\/wp-json\/wp\/v2\/media?parent=801"}],"curies":[{"name":"wp","href":"https:\/\/api.w.org\/{rel}","templated":true}]}}